{"id":284,"date":"2024-08-30T17:35:17","date_gmt":"2024-08-30T17:35:17","guid":{"rendered":"http:\/\/sezextremadura.org\/?page_id=284"},"modified":"2024-11-18T22:17:24","modified_gmt":"2024-11-18T22:17:24","slug":"cursos-2024","status":"publish","type":"page","link":"https:\/\/sezextremadura.org\/index.php\/cursos-2024\/","title":{"rendered":"CURSOS 2024"},"content":{"rendered":"\n<p>En \u00e9sta secci\u00f3n podr\u00e1 encontrar los cursos ofertados por la SEZ en este a\u00f1o 2024.<\/p>\n\n\n\n<p>Para acceder al formulario de inscripci\u00f3n, pinche en el cartel correspondiente.<\/p>\n\n\n\n<div id=\"<iframe-src=&quot;https:\/\/docs.google.com\/forms\/d\/e\/1FAIpQLSeveLHdjH7E_STdO1WO083VPUH6TdbIs2Orv_WwJHPE8oIKYg\/viewform?embedded=true&quot;-width=&quot;640&quot;-height=&quot;3469&quot;-frameborder=&quot;0&quot;-marginheight=&quot;0&quot;-marginwidth=&quot;0&quot;&gt;Cargando\u2026<\/iframe&gt;\" class=\"wp-block-group\"><div class=\"wp-block-group__inner-container is-layout-constrained wp-block-group-is-layout-constrained\">\n<div class=\"wp-block-group has-black-color has-text-color has-link-color has-large-font-size wp-elements-73889a744d6e07306ebfc87b42ffb268 is-layout-grid wp-container-core-group-is-layout-9649a0d9 wp-block-group-is-layout-grid\">\n<figure class=\"wp-block-image size-large\"><img fetchpriority=\"high\" decoding=\"async\" width=\"724\" height=\"1024\" src=\"http:\/\/sezextremadura.org\/wp-content\/uploads\/2024\/08\/1QbmAsZllPCZJXZ1sK5Plg_2OXm0YAHzDs2048-724x1024.jpg\" alt=\"\" class=\"wp-image-297\" srcset=\"https:\/\/sezextremadura.org\/wp-content\/uploads\/2024\/08\/1QbmAsZllPCZJXZ1sK5Plg_2OXm0YAHzDs2048-724x1024.jpg 724w, https:\/\/sezextremadura.org\/wp-content\/uploads\/2024\/08\/1QbmAsZllPCZJXZ1sK5Plg_2OXm0YAHzDs2048-212x300.jpg 212w, https:\/\/sezextremadura.org\/wp-content\/uploads\/2024\/08\/1QbmAsZllPCZJXZ1sK5Plg_2OXm0YAHzDs2048-768x1086.jpg 768w, https:\/\/sezextremadura.org\/wp-content\/uploads\/2024\/08\/1QbmAsZllPCZJXZ1sK5Plg_2OXm0YAHzDs2048-1086x1536.jpg 1086w, https:\/\/sezextremadura.org\/wp-content\/uploads\/2024\/08\/1QbmAsZllPCZJXZ1sK5Plg_2OXm0YAHzDs2048.jpg 1131w\" sizes=\"(max-width: 724px) 100vw, 724px\" \/><figcaption class=\"wp-element-caption\"><strong>CURSO DE CARN\u00cdVOROS IB\u00c9RICOS EN DON BENITO (BADAJOZ<\/strong>)<\/figcaption><\/figure>\n<\/div>\n<\/div><\/div>\n\n\n\n<p>Para mas informaci\u00f3n puede escribirnos a los siguientes correos electr\u00f3nicos:<\/p>\n\n\n\n<p class=\"has-text-align-center\">cursos@sezextremadura.org<\/p>\n\n\n\n<p class=\"has-text-align-center\">secretaria@sezextremadura.org  <\/p>\n\n\n\n<p><\/p>\n","protected":false},"excerpt":{"rendered":"<p>En \u00e9sta secci\u00f3n podr\u00e1 encontrar los cursos ofertados por la SEZ en este a\u00f1o 2024. Para acceder al formulario de<\/p>\n<p><span class=\"more-link\"><a href=\"https:\/\/sezextremadura.org\/index.php\/cursos-2024\/\" class=\"readmore\">Seguir leyendo<span class=\"screen-reader-text\">CURSOS 2024<\/span><\/a><\/span><\/p>\n","protected":false},"author":1,"featured_media":0,"parent":0,"menu_order":0,"comment_status":"closed","ping_status":"closed","template":"","meta":{"footnotes":""},"class_list":["post-284","page","type-page","status-publish","hentry"],"_links":{"self":[{"href":"https:\/\/sezextremadura.org\/index.php\/wp-json\/wp\/v2\/pages\/284","targetHints":{"allow":["GET"]}}],"collection":[{"href":"https:\/\/sezextremadura.org\/index.php\/wp-json\/wp\/v2\/pages"}],"about":[{"href":"https:\/\/sezextremadura.org\/index.php\/wp-json\/wp\/v2\/types\/page"}],"author":[{"embeddable":true,"href":"https:\/\/sezextremadura.org\/index.php\/wp-json\/wp\/v2\/users\/1"}],"replies":[{"embeddable":true,"href":"https:\/\/sezextremadura.org\/index.php\/wp-json\/wp\/v2\/comments?post=284"}],"version-history":[{"count":8,"href":"https:\/\/sezextremadura.org\/index.php\/wp-json\/wp\/v2\/pages\/284\/revisions"}],"predecessor-version":[{"id":531,"href":"https:\/\/sezextremadura.org\/index.php\/wp-json\/wp\/v2\/pages\/284\/revisions\/531"}],"wp:attachment":[{"href":"https:\/\/sezextremadura.org\/index.php\/wp-json\/wp\/v2\/media?parent=284"}],"curies":[{"name":"wp","href":"https:\/\/api.w.org\/{rel}","templated":true}]}}