{"id":274,"date":"2024-08-25T18:20:00","date_gmt":"2024-08-25T18:20:00","guid":{"rendered":"https:\/\/sezextremadura.org\/?page_id=274"},"modified":"2024-08-25T18:20:00","modified_gmt":"2024-08-25T18:20:00","slug":"presentacion","status":"publish","type":"page","link":"http:\/\/sezextremadura.org\/index.php\/presentacion\/","title":{"rendered":"PRESENTACI\u00d3N"},"content":{"rendered":"\n<p>La Sociedad Extreme\u00f1a de Zoolog\u00eda (SEZ) inicia su andadura como ONG independiente en 2006 trabajando en diversos proyectos de conservaci\u00f3n y divulgaci\u00f3n centrados principalmente en la fauna aut\u00f3ctona y sus h\u00e1bitats desde un punto de vista cient\u00edfico.<\/p>\n\n\n\n<p><strong>OBJETIVOS<\/strong><\/p>\n\n\n\n<p>Actualmente, el trabajo realizado por la SEZ se basa en cuatro pilares principales:<\/p>\n\n\n\n<ul class=\"wp-block-list\">\n<li>Generaci\u00f3n de nuevo conocimiento cient\u00edfico mediante la investigaci\u00f3n del rico patrimonio natural extreme\u00f1o.<\/li>\n\n\n\n<li>Divulgaci\u00f3n de la gran diversidad faun\u00edstica y de ecosistemas que se pueden encontrar en nuestra comunidad aut\u00f3noma mediante la educaci\u00f3n ambiental.<\/li>\n\n\n\n<li>Trabajar en acuerdos de custodia del territorio, que permitan una mejor gesti\u00f3n de los recursos, avanzando en pos de un desarrollo social sostenible, compatible con la conservaci\u00f3n de nuestra naturaleza.\u00a0<\/li>\n\n\n\n<li>La conservaci\u00f3n y mejora de los ecosistemas y de la fauna que los habita.\u00a0\u00a0<\/li>\n<\/ul>\n","protected":false},"excerpt":{"rendered":"<p>La Sociedad Extreme\u00f1a de Zoolog\u00eda (SEZ) inicia su andadura como ONG independiente en 2006 trabajando en diversos proyectos de conservaci\u00f3n<\/p>\n<p><span class=\"more-link\"><a href=\"http:\/\/sezextremadura.org\/index.php\/presentacion\/\" class=\"readmore\">Seguir leyendo<span class=\"screen-reader-text\">PRESENTACI\u00d3N<\/span><\/a><\/span><\/p>\n","protected":false},"author":1,"featured_media":0,"parent":0,"menu_order":0,"comment_status":"closed","ping_status":"closed","template":"","meta":{"footnotes":""},"class_list":["post-274","page","type-page","status-publish","hentry"],"_links":{"self":[{"href":"http:\/\/sezextremadura.org\/index.php\/wp-json\/wp\/v2\/pages\/274","targetHints":{"allow":["GET"]}}],"collection":[{"href":"http:\/\/sezextremadura.org\/index.php\/wp-json\/wp\/v2\/pages"}],"about":[{"href":"http:\/\/sezextremadura.org\/index.php\/wp-json\/wp\/v2\/types\/page"}],"author":[{"embeddable":true,"href":"http:\/\/sezextremadura.org\/index.php\/wp-json\/wp\/v2\/users\/1"}],"replies":[{"embeddable":true,"href":"http:\/\/sezextremadura.org\/index.php\/wp-json\/wp\/v2\/comments?post=274"}],"version-history":[{"count":1,"href":"http:\/\/sezextremadura.org\/index.php\/wp-json\/wp\/v2\/pages\/274\/revisions"}],"predecessor-version":[{"id":275,"href":"http:\/\/sezextremadura.org\/index.php\/wp-json\/wp\/v2\/pages\/274\/revisions\/275"}],"wp:attachment":[{"href":"http:\/\/sezextremadura.org\/index.php\/wp-json\/wp\/v2\/media?parent=274"}],"curies":[{"name":"wp","href":"https:\/\/api.w.org\/{rel}","templated":true}]}}